{"id":379,"date":"2019-03-15T10:11:19","date_gmt":"2019-03-15T09:11:19","guid":{"rendered":"http:\/\/batuvodkazevrope.cz\/?page_id=379"},"modified":"2019-09-12T11:34:49","modified_gmt":"2019-09-12T09:34:49","slug":"4-sekce-trendy-spoluprace-a-sitovani-v-praxi","status":"publish","type":"page","link":"https:\/\/batuvodkazevrope.cz\/index.php\/domu\/4-sekce-trendy-spoluprace-a-sitovani-v-praxi\/","title":{"rendered":"4. sekce: Sd\u00edlen\u00ed znalost\u00ed, kapacit a nov\u00fdch trend\u016f ve stroj\u00edrenstv\u00ed"},"content":{"rendered":"<p><em><strong>Do stroj\u00edrenstv\u00ed rychle pronikaj\u00ed nov\u00e9 technologie, materi\u00e1ly, ale i zp\u016fsoby pr\u00e1ce a organizace proces\u016f pro rychl\u00fd a nestabiln\u00ed sv\u011bt. \u00a0Aby firmy zvl\u00e1dly nov\u00e9 trendy, je pot\u0159ebn\u00e9 se vzd\u011bl\u00e1vat nejenom na mana\u017eersk\u00e9 \u00farovni, ale znalosti mus\u00ed sd\u00edlet i specialist\u00e9, konstrukt\u00e9\u0159i, v\u00fdvoj\u00e1\u0159i, technologov\u00e9, materi\u00e1lov\u00ed in\u017een\u00fd\u0159i, procesn\u00ed in\u017een\u00fd\u0159i apod. Budeme diskutovat, jak vytv\u00e1\u0159et s\u00edt\u011b, jak sd\u00edlet znalosti, kapacity a \u0159e\u0161en\u00ed nov\u00fdch trend\u016f. T\u00e9matem bude rovn\u011b\u017e p\u0159enesen\u00ed Ba\u0165ov\u00fdch princip\u016f do \u0159\u00edzen\u00ed sou\u010dasn\u00fdch stroj\u00edrensk\u00fdch firem.<\/strong><\/em><\/p>\n<h3><em>Panelov\u00e1 diskuse<\/em><\/h3>\n<h4><strong>Moderuje: J\u00e1n Ko\u0161turiak<\/strong><\/h4>\n<h4><strong>\u00davodn\u00ed prezentace: J\u00e1n Ko\u0161turiak<\/strong>\u00a0(<strong>IPA Slovakia)<\/strong><\/h4>\n<p><img decoding=\"async\" loading=\"lazy\" class=\"size-full wp-image-765 alignright\" src=\"https:\/\/batuvodkazevrope.cz\/wp-content\/uploads\/2019\/04\/jan_kosturiak.png\" alt=\"\" width=\"151\" height=\"151\" srcset=\"https:\/\/batuvodkazevrope.cz\/wp-content\/uploads\/2019\/04\/jan_kosturiak.png 151w, https:\/\/batuvodkazevrope.cz\/wp-content\/uploads\/2019\/04\/jan_kosturiak-150x150.png 150w\" sizes=\"(max-width: 151px) 100vw, 151px\" \/><\/p>\n<p>Vystudoval stroji\u0301renstvi\u0301 a pru\u030amyslove\u0301 inz\u030ceny\u0301rstvi\u0301, dlouhoudobe\u030c spolupracoval s nejve\u030cts\u030ci\u0301 evropskou spolec\u030cnosti\u0301 pro aplikovany\u0301 vy\u0301zkum Fraunhofer a na desi\u0301tka\u0301ch inovaci\u0301 s nadna\u0301rodni\u0301mi i doma\u0301ci\u0301mi firmami \u2013 napr\u030c. VW, Mercedes, Siemens. Je spoluzakladatel spolec\u030cnosti IPA Slovakia, zeme\u030cdelske\u0301ho druz\u030cstva Agrokruh, spolupracuje na vy\u0301voji customizovatelne\u0301ho eBiku a jeho aditivni\u0301 vy\u0301robe\u030c, buduje vlastni\u0301 Podnikatelsku\u0301 univerzitu, ve ktere\u0301 propojuje inova\u0301tory a podnikatele. Mnoho energie v\u011bnuje rozvoji podnik\u00e1n\u00ed na \u0161kol\u00e1ch, dlouhodob\u011b spolupracuje s Fakultou managementu a ekonomiky UTB ve Zl\u00edn\u011b. Pracuje v komunite\u030c Dobry\u0301 pastier. V sou\u010dastnosti vede Inno Lab \u2013 centrum pro inova\u010dn\u00ed projekty v r\u00e1mci s\u00edt\u011b Inovato.<\/p>\n<h4><span style=\"color: #000000;\"><strong>\u0158e\u010dn\u00edci:<\/strong><\/span><\/h4>\n<p><strong>\u00a0<\/strong><\/p>\n<h4><strong>Norbert Brath (Inovato Vr\u00e1ble)<img decoding=\"async\" loading=\"lazy\" class=\"size-full wp-image-746 alignright\" src=\"https:\/\/batuvodkazevrope.cz\/wp-content\/uploads\/2019\/04\/norbert_brath.png\" alt=\"\" width=\"150\" height=\"150\" \/><\/strong><\/h4>\n<p>Po absolvov\u00e1n\u00ed studia na Mechaniza\u010dnej fakulte Slovenskej po\u013enohospod\u00e1rskej univerzity v Nit\u0159e nastoupil v roce 2000 do slovensk\u00e9ho z\u00e1vodu nadn\u00e1rodn\u00edho koncernu Embraco, jeho prvn\u00edm pracovi\u0161t\u011bm byl \u00fatvar logistiky a pl\u00e1nov\u00e1n\u00ed v\u00fdroby, potom odd\u011blen\u00ed kvality a o p\u011bt let pozd\u011bji se stal \u0161\u00e9fem v\u00fdvoje pro Slovensko. P\u016fl roku str\u00e1vil p\u0159\u00edmo v brazilsk\u00e9 centr\u00e1le nadn\u00e1rodn\u00ed korporace. Od roku 2010 vedl tuzemskou fabriku, v roce 2016 se stal \u0159editelem glob\u00e1ln\u00edho v\u00fdvoje. V sou\u010dasnosti vede Inno Lab \u2013 centrum pro inova\u010dn\u00ed projekty v r\u00e1mci s\u00edt\u011b Inovato.<\/p>\n<p>&nbsp;<\/p>\n<h4><strong>Franti\u0161ek \u010cervenka (Kov\u00e1rna VIVA, a.s.)<img decoding=\"async\" loading=\"lazy\" class=\"size-full wp-image-745 alignright\" src=\"https:\/\/batuvodkazevrope.cz\/wp-content\/uploads\/2019\/04\/frantisek_cervenka.png\" alt=\"\" width=\"151\" height=\"150\" srcset=\"https:\/\/batuvodkazevrope.cz\/wp-content\/uploads\/2019\/04\/frantisek_cervenka.png 151w, https:\/\/batuvodkazevrope.cz\/wp-content\/uploads\/2019\/04\/frantisek_cervenka-150x150.png 150w\" sizes=\"(max-width: 151px) 100vw, 151px\" \/><\/strong><\/h4>\n<p>&nbsp;<\/p>\n<p>Vystudoval obor stroj\u00edrensk\u00e1 technologie na VUT v\u00a0Brn\u011b. V\u00a0pr\u016fb\u011bhu sv\u00e9 pracovn\u00ed kari\u00e9ry pracoval postupn\u011b v\u00a0\u017delez\u00e1rn\u00e1ch Vesel\u00ed nad Moravou, Ferromoravii Star\u00e9 M\u011bsto, \u0160roub\u00e1rn\u011b Kyjov a od roku 2017 v\u00a0Kov\u00e1rn\u011b VIVA. V\u00a0pr\u016fb\u011bhu praxe pro\u0161el technick\u00fdmi, v\u00fdrobn\u00edmi, ekonomick\u00fdmi a obchodn\u00edmi\u00a0 \u00fatvary a\u017e po managersk\u00e9 pozice a tyto znalosti nyn\u00ed uplat\u0148uje p\u0159i \u0159\u00edzen\u00ed firmy. V\u00a0\u0159\u00edzen\u00ed vyu\u017e\u00edv\u00e1 zejm\u00e9na selsk\u00fd rozum a metody \u0161t\u00edhl\u00e9ho a inovativn\u00edho podniku. Je p\u0159edsedou p\u0159edstavenstva a v\u00fdkonn\u00fdm \u0159editelem.<\/p>\n<p>&nbsp;<\/p>\n<h4><strong>Ota Hor\u00e1k (SpoluWorks Perfecta)<img decoding=\"async\" loading=\"lazy\" class=\"size-full wp-image-744 alignright\" src=\"https:\/\/batuvodkazevrope.cz\/wp-content\/uploads\/2019\/04\/ota_horak.png\" alt=\"\" width=\"151\" height=\"151\" srcset=\"https:\/\/batuvodkazevrope.cz\/wp-content\/uploads\/2019\/04\/ota_horak.png 151w, https:\/\/batuvodkazevrope.cz\/wp-content\/uploads\/2019\/04\/ota_horak-150x150.png 150w\" sizes=\"(max-width: 151px) 100vw, 151px\" \/><\/strong><\/h4>\n<p>Obdivovatel Ba\u0165ovsk\u00e9 soustavy \u0159\u00edzen\u00ed, kter\u00e1 umo\u017enila obrovsk\u00fd rozmach firmy i v obdob\u00ed \u0159\u00e1d\u00edc\u00ed Velk\u00e9 hospod\u00e1\u0159sk\u00e9 krize. \u0160\u00e9f firmy SpoluWorks Perfecta, jej\u00ed\u017e produkty l\u00e9taj\u00ed vzduchem jako sou\u010d\u00e1st mnoh\u00fdch zn\u00e1m\u00fdch letadel \u010di jezd\u00ed po Marsu v MarsRoveru. My\u0161lenka spolupr\u00e1ce, kter\u00e1 je j\u00e1drem BS\u0158, funguje i pro SpoluWorks: Exportuj\u00edc\u00ed 85% sv\u00e9 produkce, byla v roce 2016 ocen\u011bna jako &#8222;Exportn\u00ed p\u0159\u00edb\u011bh roku&#8220;. Spolupr\u00e1ce s p\u011bti specializovan\u00fdmi dodavateli umo\u017enila hlubokou digit\u00e1ln\u00ed transformaci v\u00fdrobn\u00edho procesu firmy. SpoluWorks pak byly jednou ze 14 MSP firem z cel\u00e9 Evropy pozvan\u00fdch na Digital Innovation Hubs Annual Event 2018, aby sv\u00fdmi digitaliza\u010dn\u00edmi zku\u0161enostmi inspirovali ostatn\u00ed.<\/p>\n<p>&nbsp;<\/p>\n<p><strong>Michal \u0160imon (Fakulta strojn\u00ed, Z\u00e1pado\u010desk\u00e1 univerzita v\u00a0Plzni)<img decoding=\"async\" loading=\"lazy\" class=\"wp-image-1031 alignright\" src=\"https:\/\/batuvodkazevrope.cz\/wp-content\/uploads\/2019\/09\/Michal-\u0160imon_2-300x300.png\" alt=\"\" width=\"152\" height=\"152\" srcset=\"https:\/\/batuvodkazevrope.cz\/wp-content\/uploads\/2019\/09\/Michal-\u0160imon_2-300x300.png 300w, https:\/\/batuvodkazevrope.cz\/wp-content\/uploads\/2019\/09\/Michal-\u0160imon_2-150x150.png 150w, https:\/\/batuvodkazevrope.cz\/wp-content\/uploads\/2019\/09\/Michal-\u0160imon_2-768x768.png 768w, https:\/\/batuvodkazevrope.cz\/wp-content\/uploads\/2019\/09\/Michal-\u0160imon_2-1024x1024.png 1024w, https:\/\/batuvodkazevrope.cz\/wp-content\/uploads\/2019\/09\/Michal-\u0160imon_2-250x250.png 250w, https:\/\/batuvodkazevrope.cz\/wp-content\/uploads\/2019\/09\/Michal-\u0160imon_2-174x174.png 174w\" sizes=\"(max-width: 152px) 100vw, 152px\" \/><\/strong><\/p>\n<p>Od roku 2007 p\u016fsob\u00ed na pozici vedouc\u00edho katedry pr\u016fmyslov\u00e9ho in\u017een\u00fdrstv\u00ed a managementu na Fakult\u011b strojn\u00ed Z\u00e1pado\u010desk\u00e9 univerzity v\u00a0Plzni. Za tuto dobu se pod\u00edlel na intenzivn\u00edm rozvoji pracovi\u0161t\u011b, kter\u00e9 je v\u00a0sou\u010dasn\u00e9 dob\u011b jedn\u00edm z\u00a0nejlep\u0161\u00edch a nejl\u00e9pe vybaven\u00fdch pracovi\u0161\u0165 pr\u016fmyslov\u00e9ho in\u017een\u00fdrstv\u00ed v \u010cR. Mezi z\u00e1kladn\u00ed aktivity a oblasti zam\u011b\u0159en\u00ed pat\u0159\u00ed racionalizace a inovace proces\u016f, logistika a tvorba layout\u016f, implementace metod pr\u016fmyslov\u00e9ho in\u017een\u00fdrstv\u00ed, ergonomie a vyu\u017eit\u00ed virtu\u00e1ln\u00ed reality. V\u00a0r\u00e1mci dlouholet\u00fdch projektov\u00fdch zku\u0161enost\u00ed a implementac\u00ed metod a postup\u016f v\u00a0praxi se pod\u00edlel na zalo\u017een\u00ed prvn\u00ed Star up spole\u010dnosti Fakulty strojn\u00ed, Z\u00e1pado\u010desk\u00e9 univerzity v\u00a0Plzni &#8211; CIE s.r.o. (Centre for Industrial Engineering), kter\u00e1 je zam\u011b\u0159ena na transfer v\u00fd\u0161e uveden\u00fdch znalost\u00ed do podnikatelsk\u00fdch subjekt\u016f.<\/p>\n<p>&nbsp;<\/p>\n<h4><strong>\u013dubom\u00edr \u0160vec (\u0160vec a SPOL, s.r.o.)<\/strong><\/h4>\n<p><img decoding=\"async\" loading=\"lazy\" class=\"size-full wp-image-743 alignright\" src=\"https:\/\/batuvodkazevrope.cz\/wp-content\/uploads\/2019\/04\/lubomir_svec.png\" alt=\"\" width=\"151\" height=\"151\" srcset=\"https:\/\/batuvodkazevrope.cz\/wp-content\/uploads\/2019\/04\/lubomir_svec.png 151w, https:\/\/batuvodkazevrope.cz\/wp-content\/uploads\/2019\/04\/lubomir_svec-150x150.png 150w\" sizes=\"(max-width: 151px) 100vw, 151px\" \/><\/p>\n<p>\u013dubom\u00edr \u0160vec za\u010dal podnikat hned na za\u010d\u00e1tku devades\u00e1t\u00fdch let, bez zahrani\u010dn\u00edho kapit\u00e1lu postupn\u011b vybudoval skupinu firem, kter\u00e9 zam\u011bstn\u00e1vaj\u00ed v\u00edce ne\u017e 450 lid\u00ed. Jeho firmy se zam\u011b\u0159uj\u00ed na stroj\u00edrenskou v\u00fdrobu, konstrukci, v\u00fdvoj a servis a vlastn\u00ed t\u00e9m\u011b\u0159 v\u0161echny technologie na v\u00fdrobu n\u00e1stroj\u016f a sou\u010d\u00e1stek z plechu a obr\u00e1b\u011bn\u00ed velk\u00fdch sva\u0159enc\u016f. Vyr\u00e1b\u011bj\u00ed n\u00e1stroje, sou\u010d\u00e1stky, sva\u0159ence a jedno\u00fa\u010delov\u00e9 za\u0159\u00edzen\u00ed na balen\u00ed a \u010dist\u011bn\u00ed. Realizuj\u00ed rovn\u011b\u017e vlastn\u00ed v\u00fdvoj ultrazvuku a psac\u00edch stroj\u016f pro nevidom\u00e9. \u013dubom\u00edr \u0160vec r\u00e1d sportuje a bav\u00ed ho rozv\u00edjet sv\u00e9 firmy a p\u0159ipravovat je na budoucnost.<\/p>\n<p>&nbsp;<\/p>\n","protected":false},"excerpt":{"rendered":"<p>Do stroj\u00edrenstv\u00ed rychle pronikaj\u00ed nov\u00e9 technologie, materi\u00e1ly, ale i zp\u016fsoby pr\u00e1ce a organizace proces\u016f pro rychl\u00fd a nestabiln\u00ed sv\u011bt. \u00a0Aby firmy zvl\u00e1dly nov\u00e9 trendy, je pot\u0159ebn\u00e9 se vzd\u011bl\u00e1vat nejenom na mana\u017eersk\u00e9 \u00farovni, ale znalosti mus\u00ed sd\u00edlet i specialist\u00e9, konstrukt\u00e9\u0159i, v\u00fdvoj\u00e1\u0159i, technologov\u00e9, materi\u00e1lov\u00ed in\u017een\u00fd\u0159i, procesn\u00ed in\u017een\u00fd\u0159i apod. Budeme diskutovat, jak vytv\u00e1\u0159et s\u00edt\u011b, jak sd\u00edlet znalosti, kapacity <a href=\"https:\/\/batuvodkazevrope.cz\/index.php\/domu\/4-sekce-trendy-spoluprace-a-sitovani-v-praxi\/\" rel=\"nofollow\"><span class=\"sr-only\">P\u0159e\u010d\u00edst si v\u00edc o4. sekce: Sd\u00edlen\u00ed znalost\u00ed, kapacit a nov\u00fdch trend\u016f ve stroj\u00edrenstv\u00ed<\/span>[&hellip;]<\/a><\/p>\n","protected":false},"author":1,"featured_media":0,"parent":14,"menu_order":0,"comment_status":"closed","ping_status":"closed","template":"template-fullwidth.php","meta":{"_exactmetrics_skip_tracking":false,"_exactmetrics_sitenote_active":false,"_exactmetrics_sitenote_note":"","_exactmetrics_sitenote_category":0,"ngg_post_thumbnail":0,"footnotes":""},"_links":{"self":[{"href":"https:\/\/batuvodkazevrope.cz\/index.php\/wp-json\/wp\/v2\/pages\/379"}],"collection":[{"href":"https:\/\/batuvodkazevrope.cz\/index.php\/wp-json\/wp\/v2\/pages"}],"about":[{"href":"https:\/\/batuvodkazevrope.cz\/index.php\/wp-json\/wp\/v2\/types\/page"}],"author":[{"embeddable":true,"href":"https:\/\/batuvodkazevrope.cz\/index.php\/wp-json\/wp\/v2\/users\/1"}],"replies":[{"embeddable":true,"href":"https:\/\/batuvodkazevrope.cz\/index.php\/wp-json\/wp\/v2\/comments?post=379"}],"version-history":[{"count":27,"href":"https:\/\/batuvodkazevrope.cz\/index.php\/wp-json\/wp\/v2\/pages\/379\/revisions"}],"predecessor-version":[{"id":1030,"href":"https:\/\/batuvodkazevrope.cz\/index.php\/wp-json\/wp\/v2\/pages\/379\/revisions\/1030"}],"up":[{"embeddable":true,"href":"https:\/\/batuvodkazevrope.cz\/index.php\/wp-json\/wp\/v2\/pages\/14"}],"wp:attachment":[{"href":"https:\/\/batuvodkazevrope.cz\/index.php\/wp-json\/wp\/v2\/media?parent=379"}],"curies":[{"name":"wp","href":"https:\/\/api.w.org\/{rel}","templated":true}]}}