{"id":371,"date":"2019-03-15T10:09:52","date_gmt":"2019-03-15T09:09:52","guid":{"rendered":"http:\/\/batuvodkazevrope.cz\/?page_id=371"},"modified":"2019-09-11T14:57:17","modified_gmt":"2019-09-11T12:57:17","slug":"2-sekce-podnikatelske-vyzvy-lide-a-digitalni-svet","status":"publish","type":"page","link":"https:\/\/batuvodkazevrope.cz\/index.php\/domu\/2-sekce-podnikatelske-vyzvy-lide-a-digitalni-svet\/","title":{"rendered":"2. sekce: Podnikatelsk\u00e9 v\u00fdzvy, lid\u00e9 a digit\u00e1ln\u00ed sv\u011bt"},"content":{"rendered":"<p><strong><em>Podnik\u00e1n\u00ed bylo \u017eivotem a posl\u00e1n\u00edm Tom\u00e1\u0161e Bati. Stejn\u011b tak i v dne\u0161n\u00ed dob\u011b je podnik\u00e1n\u00ed st\u00e1le atraktivn\u00ed a chceme, aby tak z\u016fstalo i nad\u00e1le. Chceme, aby podnikatel mohl hrd\u011b hl\u00e1sat, \u017ee je podnikatelem, a \u017ee d\u00e1v\u00e1 pr\u00e1ci des\u00edtk\u00e1m, stovk\u00e1m, \u010di tis\u00edc\u016fm lid\u00ed. Samoz\u0159ejm\u011b, \u017ee modern\u00ed doba si vy\u017eaduje nov\u00e9 my\u0161len\u00ed a nov\u00e9 podnikatelsk\u00e9 p\u0159\u00edstupy. Ale podnikatelsk\u00e1 du\u0161e, ta z\u016fst\u00e1v\u00e1 st\u00e1le stejn\u00e1. Podnik\u00e1n\u00ed se diverzifikovalo, vytvo\u0159ila se cel\u00e1 \u0159ada nov\u00fdch obor\u016f, je mo\u017en\u00e9 vyu\u017e\u00edt celou plej\u00e1du podp\u016frn\u00fdch n\u00e1stroj\u016f.\u00a0 Poj\u010fme spole\u010dn\u011b diskutovat, jak lze \u00fasp\u011b\u0161n\u011b realizovat podnik\u00e1n\u00ed (4.0) v dne\u0161n\u00ed \u201emodern\u00ed\u201c, glob\u00e1ln\u00ed, ov\u0161em n\u011bkdy usp\u011bchan\u00e9 dob\u011b.<\/em><\/strong><\/p>\n<h2><span style=\"color: #000000;\"><em>Panelov\u00e1 diskuse<\/em><\/span><\/h2>\n<h2><span style=\"color: #ff0000;\">A) Jak dr\u017eet krok a neusnout na vav\u0159\u00ednech 13-15 hodin<\/span><\/h2>\n<h4><strong>Moderuje: Boris Popesko a Petr Nov\u00e1k<\/strong><\/h4>\n<h4><strong>\u00davodn\u00ed prezentace: Petr Bene\u0161 (6D Academy)<img decoding=\"async\" loading=\"lazy\" class=\"size-full wp-image-772 alignright\" src=\"https:\/\/batuvodkazevrope.cz\/wp-content\/uploads\/2019\/04\/petr_benes.png\" alt=\"\" width=\"151\" height=\"150\" srcset=\"https:\/\/batuvodkazevrope.cz\/wp-content\/uploads\/2019\/04\/petr_benes.png 151w, https:\/\/batuvodkazevrope.cz\/wp-content\/uploads\/2019\/04\/petr_benes-150x150.png 150w\" sizes=\"(max-width: 151px) 100vw, 151px\" \/><\/strong><\/h4>\n<p>P\u016fsobil p\u0159es 20 let v bankovnictv\u00ed. V roce 2016 spoluzalo\u017eil firmu 6D Academy, kter\u00e1 pom\u00e1h\u00e1 firm\u00e1m i jednotlivc\u016fm adaptovat se na technologick\u00e9 a spole\u010densk\u00e9 zm\u011bny. V\u011bnuje se dopad\u016fm digitalizace nejen na sv\u011bt byznysu a soci\u00e1ln\u00ed prost\u0159ed\u00ed, ale i tomu, jak sou\u010dasn\u00e1 civiliza\u010dn\u00ed revoluce prom\u011b\u0148uje na\u0161e individu\u00e1ln\u00ed zvyky a hodnoty. Sna\u017e\u00ed se o propojov\u00e1n\u00ed sv\u011bta korporac\u00ed a startup\u016f, p\u016fsob\u00ed jako Expert\/Mentor v startupov\u00e9m inkub\u00e1toru UP21, kde pom\u00e1h\u00e1 uv\u00e1d\u011bt do \u017eivota inovativn\u00ed podnikatelsk\u00e9 z\u00e1m\u011bry za\u010d\u00ednaj\u00edc\u00edch firem.<\/p>\n<h4><strong>\u0158e\u010dn\u00edci:<\/strong><\/h4>\n<h4><strong>Jirka Dole\u017eal (DOLLER)<img decoding=\"async\" loading=\"lazy\" class=\"size-full wp-image-771 alignright\" src=\"https:\/\/batuvodkazevrope.cz\/wp-content\/uploads\/2019\/04\/jirka_dolezal.png\" alt=\"\" width=\"151\" height=\"150\" srcset=\"https:\/\/batuvodkazevrope.cz\/wp-content\/uploads\/2019\/04\/jirka_dolezal.png 151w, https:\/\/batuvodkazevrope.cz\/wp-content\/uploads\/2019\/04\/jirka_dolezal-150x150.png 150w\" sizes=\"(max-width: 151px) 100vw, 151px\" \/><\/strong><\/h4>\n<p>Spoluzakladatel projektu motiva\u010dn\u00edho di\u00e1\u0159e DOLLER a z\u00e1rove\u0148 student doktorsk\u00e9ho programu na UTB. Ve \u0161kole p\u016fsobil v akademick\u00e9m sen\u00e1tu, \u00fa\u010dastnil se \u0159ady studentsk\u00fdch i v\u011bdeck\u00fdch sout\u011b\u017e\u00ed, st\u00e1\u017e\u00ed doma i v zahrani\u010d\u00ed, co\u017e dalo vyniknout \u00fa\u017easn\u00e9 neorganizovanosti a chaosu. I d\u00edky tomu si uv\u011bdomil, jak d\u016fle\u017eit\u00e9 je um\u011bt si zorganizovat \u010das a m\u00edt jasnou vizi, a tak vzniknul projekt DOLLER. Dnes je ji\u017e p\u0159es 100 000 DOLLER\u016f u fanou\u0161k\u016f a na firm\u011b vid\u00ed, jak je kl\u00ed\u010dov\u00e9 b\u00fdt nastaven na celo\u017eivotn\u00ed vzd\u011bl\u00e1v\u00e1n\u00ed, zn\u00e1t s\u00e1m sebe a m\u00edt dobrou sebeorganizaci a discipl\u00ednu.<\/p>\n<p>&nbsp;<\/p>\n<p>&nbsp;<\/p>\n<h4><strong>Jir\u030ci\u0301 Hnilica (Vysok\u00e1 \u0161kola ekonomick\u00e1 v Praze) <img decoding=\"async\" loading=\"lazy\" class=\"size-full wp-image-770 alignright\" src=\"https:\/\/batuvodkazevrope.cz\/wp-content\/uploads\/2019\/04\/jir_i__hnilica.png\" alt=\"\" width=\"151\" height=\"150\" srcset=\"https:\/\/batuvodkazevrope.cz\/wp-content\/uploads\/2019\/04\/jir_i__hnilica.png 151w, https:\/\/batuvodkazevrope.cz\/wp-content\/uploads\/2019\/04\/jir_i__hnilica-150x150.png 150w\" sizes=\"(max-width: 151px) 100vw, 151px\" \/><\/strong><\/h4>\n<p>Je prorektorem\u00a0 pro mezina\u0301rodni\u0301 vztahy na VS\u030cE Praha, vedouci\u0301m katedry strategie a vedouci\u0301m Centra pro rodinne\u0301 firmy na Fakult\u011b podnikohospod\u00e1\u0159sk\u00e9 V\u0160E. Mezi jeho odborne\u0301 specializace patr\u030ci\u0301 rodinne\u0301 podnika\u0301ni\u0301, strategicke\u0301 r\u030ci\u0301zeni\u0301 a spra\u0301va spolec\u030cnosti\u0301. Jir\u030ci\u0301 Hnilica pu\u030asobil na University of Aarhus (Da\u0301nsko), na University of Denver (USA) a v souc\u030casnosti je take\u0301 hostuji\u0301ci\u0301m profesorem na Bocconi University. Je drz\u030citelem certifika\u0301tu CFBA (Family Business Advising).<\/p>\n<h4><\/h4>\n<h4><\/h4>\n<p>&nbsp;<\/p>\n<p>&nbsp;<\/p>\n<h4><strong>Radom\u00edr Lap\u010d\u00edk\u00a0<\/strong><strong>(TRINITY BANK a.s.)<img decoding=\"async\" loading=\"lazy\" class=\"size-full wp-image-769 alignright\" src=\"https:\/\/batuvodkazevrope.cz\/wp-content\/uploads\/2019\/04\/radomir_lapcik.png\" alt=\"\" width=\"150\" height=\"150\" \/><\/strong><\/h4>\n<p style=\"font-weight: 400;\">Vystudoval VUT v Brn\u011b a obchodn\u00ed pr\u00e1vo na Nottingham Trent University. Ji\u017e \u010dtvrtstolet\u00ed se pohybuje v oblasti bankovnictv\u00ed, p\u016fsob\u00ed na pozici p\u0159edsedy p\u0159edstavenstva Trinity Bank, a.s. a p\u0159edsedy dozor\u010d\u00ed rady SAB Finance, a.s. V roce 2008 byl vyhl\u00e1\u0161en Podnikatelem roku Zl\u00ednsk\u00e9ho kraje a v roce 2012 obdr\u017eel \u010destn\u00e9 vyznamen\u00e1n\u00ed Zl\u00ednsk\u00e9ho kraje za rozvoj podnik\u00e1n\u00ed v regionu. Mnoho let se v\u011bnuje v\u00fduce na akademick\u00e9 p\u016fd\u011b, na Fakult\u011b managementu a ekonomiky ve Zl\u00edn\u011b p\u0159edn\u00e1\u0161\u00ed t\u00e9mata z finan\u010dn\u00ed matematiky a bankovnictv\u00ed, aktivn\u011b podporuje projekt pro nadan\u00e9 studenty. Je \u010dlenem V\u011bdeck\u00e9 rady FaME a V\u011bdeck\u00e9 rady UTB.<\/p>\n<h4><\/h4>\n<p>&nbsp;<\/p>\n<h4><strong>Vladim\u00edr POL\u00c1\u0160EK (VITAR, s.r.o.)<\/strong><\/h4>\n<h4><img decoding=\"async\" loading=\"lazy\" class=\"size-full wp-image-768 alignright\" src=\"https:\/\/batuvodkazevrope.cz\/wp-content\/uploads\/2019\/04\/vladimir_polasek.png\" alt=\"\" width=\"150\" height=\"150\" \/><\/h4>\n<p>Vladim\u00edr Pol\u00e1\u0161ek je gener\u00e1ln\u00edm \u0159editelem a spolumajitelem tradi\u010dn\u00edho zl\u00ednsk\u00e9ho v\u00fdrobce vitaminov\u00fdch p\u0159\u00edpravk\u016f VITAR. Spr\u00e1vu rodinn\u00e9 firmy od sv\u00e9ho otce p\u0159evzal v roce 2005. Pod jeho veden\u00edm VITAR z\u010dty\u0159n\u00e1sobil obrat, v\u00fdznamn\u011b roz\u0161\u00ed\u0159il v\u00fdrobkov\u00e9 portfolio, z\u00edskal dlouhodobou licen\u010dn\u00ed smlouvu na n\u011bmeckou zna\u010dku pit\u00ed\u010dek Capri-Sun a stal se naprostou jedni\u010dkou mezi dopl\u0148ky stravy v \u010desk\u00e9m i slovensk\u00e9m retailu. Ve firm\u011b pro\u0161el pozicemi v marketingu, v\u00fdrob\u011b i obchodu a z\u00edskal tak detailn\u00ed vhled do jej\u00edho fungov\u00e1n\u00ed. O dal\u0161\u00edm sm\u011b\u0159ov\u00e1n\u00ed VITARu m\u00e1 jasnou p\u0159edstavu, sv\u016fj t\u00fdm dok\u00e1\u017ee motivovat a v\u00e9st ke spole\u010dn\u00fdm c\u00edl\u016fm. Um\u00ed hledat origin\u00e1ln\u00ed \u0159e\u0161en\u00ed probl\u00e9m\u016f a nev\u00e1h\u00e1 se vydat po nov\u00fdch cest\u00e1ch. Jeho soci\u00e1ln\u00ed c\u00edt\u011bn\u00ed se projevuje v mnoha charitativn\u00edch aktivit\u00e1ch, mj. je \u010dlenem\u00a0Rotary clubu Zl\u00edn.<\/p>\n<h4><\/h4>\n<h4><\/h4>\n<p>&nbsp;<\/p>\n<h4><strong>Vladim\u00edr Slez\u00e1k (Siemens AG Slovensko) <img decoding=\"async\" loading=\"lazy\" class=\"size-full wp-image-767 alignright\" src=\"https:\/\/batuvodkazevrope.cz\/wp-content\/uploads\/2019\/04\/vladimir_slezak.png\" alt=\"\" width=\"150\" height=\"150\" \/><\/strong><\/h4>\n<p>Vystudoval na Slovensk\u00e9 vysok\u00e9 \u0161kole technick\u00e9 (dne\u0161n\u00ed Slovensk\u00e1 technick\u00e1 univerzita), zam\u011b\u0159en\u00ed na stroje pro chemick\u00fd a potravin\u00e1\u0159sk\u00fd pr\u016fmysl.\u00a0 V 80. letech p\u016fsobil ve spole\u010dnostech TECHNOPOL, a.s. a WAVO Trans, s.r.o. Ve spole\u010dnosti CSK \u2013 IMS, s.r.o., vykon\u00e1val do roku 1994 funkci vedouc\u00edho obchodn\u011b-technick\u00e9ho odd\u011blen\u00ed. N\u00e1sleduj\u00edc\u00edch p\u011bt let p\u016fsobil jako vedouc\u00ed technick\u00e9ho a obchodn\u00edho odd\u011blen\u00ed, pozd\u011bji jako prokurista spole\u010dnosti Schenck Slovakia, s.r.o. Do firmy Siemens s.r.o. p\u0159e\u0161el v roce 1999, kde nejd\u0159\u00edve p\u016fsobil ve funkci akvizit\u00e9ra, pozd\u011bji jako vedouc\u00ed divize Automatiza\u010dn\u00ed techniky a pohon\u016f. V roce 2002 se stal technick\u00fdm \u0159editelem a jednatelem spole\u010dnosti. Od prosince roku 2008 p\u016fsob\u00ed jako gener\u00e1ln\u00ed \u0159editel a p\u0159edstavitel koncernu Siemens AG na Slovensku. V sou\u010dasnosti je aktivn\u011b \u010dinn\u00fd nap\u0159. i jako m\u00edstop\u0159edseda Slovensk\u00e9 obchodn\u00ed a pr\u016fmyslov\u00e9 komory, \u010dlen Slovensko-n\u011bmeck\u00e9 obchodn\u00ed a pr\u016fmyslov\u00e9 komory, \u010dlen p\u0159edstavenstva Slovensko-rakousk\u00e9 obchodn\u00ed a pr\u016fmyslov\u00e9 komory, p\u0159edseda spr\u00e1vn\u00ed rady a \u010dlen v\u011bdeck\u00e9 rady STU Bratislava apod.<\/p>\n<h4><\/h4>\n<p>&nbsp;<\/p>\n<h4><strong>David V\u00edtek (NWT a.s.)<img decoding=\"async\" loading=\"lazy\" class=\"size-full wp-image-766 alignright\" src=\"https:\/\/batuvodkazevrope.cz\/wp-content\/uploads\/2019\/04\/david_vitek.png\" alt=\"\" width=\"150\" height=\"151\" \/><\/strong><\/h4>\n<p style=\"font-weight: 400;\">Spolumajitel holdingu NWT. Firmu zalo\u017eil u\u017e p\u0159ed v\u00edce ne\u017e 20 lety a v prost\u0159ed\u00ed divok\u00fdch devades\u00e1t\u00fdch let se z n\u00ed okam\u017eit\u011b stal dravec v oblasti IT technologi\u00ed. Firma zav\u00e1d\u011bla do \u010cesk\u00e9 republiky technologick\u00e9 novinky a k tomu postupn\u011b nabalovala dal\u0161\u00ed oblasti podnik\u00e1n\u00ed. \u201eZa\u010dal jsem u\u017e na st\u0159edn\u00ed \u0161kole, proto\u017ee m\u00e1m takovou vlastnost, \u017ee si n\u011bco koup\u00edm, vyzkou\u0161\u00edm, a zase prod\u00e1m,\u201c up\u0159es\u0148uje David V\u00edtek. K vybudov\u00e1n\u00ed ob\u0159\u00edho holdingu je v\u0161ak t\u0159eba n\u011bco v\u00edce ne\u017e klu\u010di\u010d\u00ed touha vyzkou\u0161et si technologick\u00e9 vychyt\u00e1vky. Je to vize. A pr\u00e1v\u011b David V\u00edtek je vizion\u00e1\u0159, kter\u00fd pak tyto sv\u00e9 vize p\u0159etv\u00e1\u0159\u00ed v realitu do podoby cel\u00e9 \u0159ady zaj\u00edmav\u00fdch start-up\u016f.<\/p>\n<h2><span style=\"color: #000000;\"><em>Panelov\u00e1 diskuse<\/em><\/span><\/h2>\n<h2><span style=\"color: #ff0000;\">B) Podnikatelsk\u00e9 v\u00fdzvy a nov\u00e9 business modely 15,30\u201317,30 hodin<\/span><\/h2>\n<h4><strong>Moderuje: Gabriela Kon\u010dit\u00edkov\u00e1 a Jan Ma\u0161ek<\/strong><\/h4>\n<h4><strong>\u00davodn\u00ed prezentace: <\/strong><strong>Ivan Ba\u0165ka\u00a0(Fosfa a.s.)<\/strong><\/h4>\n<p><img decoding=\"async\" loading=\"lazy\" class=\"size-full wp-image-793 alignright\" src=\"https:\/\/batuvodkazevrope.cz\/wp-content\/uploads\/2019\/04\/ivan_batka.png\" alt=\"\" width=\"151\" height=\"150\" srcset=\"https:\/\/batuvodkazevrope.cz\/wp-content\/uploads\/2019\/04\/ivan_batka.png 151w, https:\/\/batuvodkazevrope.cz\/wp-content\/uploads\/2019\/04\/ivan_batka-150x150.png 150w\" sizes=\"(max-width: 151px) 100vw, 151px\" \/><\/p>\n<p>V roce 1988 ukon\u010dil studium na Vysok\u00e9 \u0161koly ekonomick\u00e9 v Praze, obor zahrani\u010dn\u00ed obchod. V devades\u00e1t\u00fdch letech za\u010dal soukrom\u011b podnikat a nav\u00e1zal tak na podnikatelskou tradici sv\u00e9ho d\u011bde\u010dka. V roce 1999 zalo\u017eil R\u00e1dio Impuls, z kter\u00e9ho s t\u00fdmem spolupracovn\u00edk\u016f vytvo\u0159il nejposlouchan\u011bj\u0161\u00ed celoplo\u0161nou rozhlasovou stanici v zemi. Od roku 2002 je gener\u00e1ln\u00edm \u0159editelem a p\u0159edsedou p\u0159edstavenstva rodinn\u00e9 firmy Fosfa a.s., ta je\u00a0nejv\u011bt\u0161\u00edm zpracovatelem \u017elut\u00e9ho fosforu v Evrop\u011b, m\u00e1 v\u00fdrobn\u00ed z\u00e1vody nejen v \u010cesku, ale i v N\u011bmecku a Kazachst\u00e1nu.\u00a0 \u00a0Jako Life Science spole\u010dnost vyv\u00edj\u00ed a vyr\u00e1b\u00ed tak\u00e9 vlastn\u00ed \u0159adu p\u0159\u00edrodn\u00edch produkt\u016f nejvy\u0161\u0161\u00ed kvality pro p\u00e9\u010di o t\u011blo a dom\u00e1cnost Feel Eco a vybudovala a rozv\u00edj\u00ed prvn\u00ed vertik\u00e1ln\u00ed farmu v \u010cesk\u00e9 republice. Z\u00e1rove\u0148 ve spolupr\u00e1ci s VUT Brno vyv\u00edj\u00ed vlastn\u00ed digit\u00e1ln\u00ed dvoj\u010de, kter\u00e9 douf\u00e1, \u017ee umo\u017en\u00ed jednoho dne vyv\u00e1\u017eet Fosf\u011b nejen podukty, ale i komplexn\u00ed syst\u00e9mov\u011b integrovan\u00e9 organismy. Dlouhodob\u011b se hl\u00e1s\u00ed k odkazu Tom\u00e1\u0161e Bati a Jana Anton\u00edna Bati.<\/p>\n<h4><\/h4>\n<h4><strong>\u0158e\u010dn\u00edci:<\/strong><\/h4>\n<h4><strong>Eva Klabalov\u00e1 (Kave footwear)\u00a0<\/strong><\/h4>\n<p><img decoding=\"async\" loading=\"lazy\" class=\"size-full wp-image-765 alignright\" src=\"https:\/\/batuvodkazevrope.cz\/wp-content\/uploads\/2019\/07\/klabalo.png\" alt=\"\" width=\"151\" height=\"151\" \/>Design\u00e9rka Eva Klabalov\u00e1 je v mnoha ohledech vz\u00e1cn\u00fd \u00fakaz. V necel\u00fdch t\u0159iceti letech vede vlastn\u00ed obuvnickou zna\u010dku tenisek vyr\u00e1b\u011bn\u00fdch ve Zl\u00edn\u011b z odpadov\u00fdch materi\u00e1l\u016f, p\u0159edn\u00e1\u0161\u00ed na UTB, u\u010d\u00ed obuvnick\u00e9 workshopy po cel\u00e9m sv\u011bt\u011b a o radu ji pros\u00ed majitel\u00e9 mnoha zahrani\u010dn\u00edch firem. Navzdory \u0159ad\u011b sv\u011btov\u00fdch \u00fasp\u011bch\u016f nezapomn\u011bla ani na rodn\u00e9 \u010cesko \u2013 velk\u00fdm i men\u0161\u00edm spole\u010dnostem, tov\u00e1rn\u00e1m a korporac\u00edm tu prost\u0159ednictv\u00edm sv\u00e9ho talentu a nad\u0161en\u00ed ukazuje, \u017ee obuvnick\u00e9 \u0159emeslo jde d\u011blat jinak \u2013 l\u00e9pe, uv\u011bdom\u011bleji, s maxim\u00e1ln\u00ed snahou o udr\u017eitelnost a ohleduplnost k planet\u011b.<\/p>\n<p>&nbsp;<\/p>\n<h4><\/h4>\n<h4><strong>J\u00e1n Ko\u0161turiak<\/strong>\u00a0<strong>(IPA Slovakia, s.r.o.)<\/strong><\/h4>\n<p><img decoding=\"async\" loading=\"lazy\" class=\"size-full wp-image-765 alignright\" src=\"https:\/\/batuvodkazevrope.cz\/wp-content\/uploads\/2019\/04\/jan_kosturiak.png\" alt=\"\" width=\"151\" height=\"151\" srcset=\"https:\/\/batuvodkazevrope.cz\/wp-content\/uploads\/2019\/04\/jan_kosturiak.png 151w, https:\/\/batuvodkazevrope.cz\/wp-content\/uploads\/2019\/04\/jan_kosturiak-150x150.png 150w\" sizes=\"(max-width: 151px) 100vw, 151px\" \/><\/p>\n<p>Vystudoval stroji\u0301renstvi\u0301 a pru\u030amyslove\u0301 inz\u030ceny\u0301rstvi\u0301, dlouhodobe\u030c spolupracoval s nejve\u030cts\u030ci\u0301 evropskou spolec\u030cnosti\u0301 pro aplikovany\u0301 vy\u0301zkum Fraunhofer a na desi\u0301tka\u0301ch inovaci\u0301 s nadna\u0301rodni\u0301mi i doma\u0301ci\u0301mi firmami \u2013 napr\u030c. VW, Mercedes, Siemens. Je spoluzakladatel spolec\u030cnosti IPA Slovakia, zeme\u030cd\u011blske\u0301ho druz\u030cstva Agrokruh, spolupracuje na vy\u0301voji customizovatelne\u0301ho eBiku a jeho aditivni\u0301 vy\u0301robe\u030c, buduje vlastni\u0301 Podnikatelsku\u0301 univerzitu, ve ktere\u0301 propojuje inova\u0301tory a podnikatele. Mnoho energie v\u011bnuje rozvoji podnik\u00e1n\u00ed na \u0161kol\u00e1ch, dlouhodob\u011b spolupracuje s Fakultou managementu a ekonomiky UTB ve Zl\u00edn\u011b. Pracuje v komunite\u030c Dobry\u0301 pastier. Z\u030cije mezi Vari\u0301nem na Slovensku a Me\u030cru\u030atkami na Morave\u030c.<\/p>\n<h4><\/h4>\n<h4><\/h4>\n<p>&nbsp;<\/p>\n<h4><strong>Stanislav Martinec (KOMA MODULAR s.r.o.)<img decoding=\"async\" loading=\"lazy\" class=\"size-full wp-image-764 alignright\" src=\"https:\/\/batuvodkazevrope.cz\/wp-content\/uploads\/2019\/04\/stanislav_martinec.png\" alt=\"\" width=\"151\" height=\"151\" srcset=\"https:\/\/batuvodkazevrope.cz\/wp-content\/uploads\/2019\/04\/stanislav_martinec.png 151w, https:\/\/batuvodkazevrope.cz\/wp-content\/uploads\/2019\/04\/stanislav_martinec-150x150.png 150w\" sizes=\"(max-width: 151px) 100vw, 151px\" \/><\/strong><\/h4>\n<p>V roce 1992 zalo\u017eil firmu KOMA MODULAR s.r.o., kter\u00e1 je specialistou na modul\u00e1rn\u00ed v\u00fdstavbu. Firma postupn\u00fdmi inovacemi v\u00fdrobk\u016f a proces\u016f dos\u00e1hla v\u00fdznamn\u00e9ho postaven\u00ed na \u010desk\u00e9m a evropsk\u00e9m trhu. Firma b\u011bhem v\u00edce ne\u017e dvaceti let sv\u00e9 existence z\u00edskala \u0159adu ocen\u011bn\u00ed; v roce 2010 se stala Inova\u010dn\u00ed firmou Zl\u00ednsk\u00e9ho kraje. V roce 2015 se stala dodavatelem pavilonu \u010cesk\u00e9 republiky na sv\u011btovou v\u00fdstavu EXPO v Mil\u00e1n\u011b. V t\u00e9m\u017ee roce j\u00ed byl ud\u011blen titul firma roku 2015. Nyn\u00ed skupina firem, pod zna\u010dkou KOMA, trvale popularizuje nov\u00fd obor modul\u00e1rn\u00ed v\u00fdstavby.<\/p>\n<p>&nbsp;<\/p>\n<p>&nbsp;<\/p>\n<h4><strong>Jan Ma\u0161ek (Red Button)<img decoding=\"async\" loading=\"lazy\" class=\"size-full wp-image-763 alignright\" src=\"https:\/\/batuvodkazevrope.cz\/wp-content\/uploads\/2019\/04\/jan_masek.png\" alt=\"\" width=\"150\" height=\"150\" srcset=\"https:\/\/batuvodkazevrope.cz\/wp-content\/uploads\/2019\/04\/jan_masek.png 151w, https:\/\/batuvodkazevrope.cz\/wp-content\/uploads\/2019\/04\/jan_masek-150x150.png 150w\" sizes=\"(max-width: 150px) 100vw, 150px\" \/><\/strong><\/h4>\n<p>Vybral si inovace jako prost\u0159edek k rozvoji odvahy, n\u00e1rodn\u00ed hrdosti a kultivaci spole\u010dnosti jako celku. Pracoval ve spole\u010dnosti 3M na pozici inova\u010dn\u00edho l\u00eddra, kde si, d\u00edky obrovsk\u00e9 svobod\u011b a d\u016fv\u011b\u0159e, mohl vyzkou\u0161et v praxi, jak\u00e9 to je, se naprosto otev\u0159\u00edt okoln\u00edmu sv\u011btu, jak inspirovat ostatn\u00ed, jak propojovat v\u011bci, kter\u00e9 se zdaj\u00ed b\u00fdt neslu\u010diteln\u00e9, jak otev\u00edrat t\u00e9mata, kter\u00e1 \u010dasto b\u00fdvaj\u00ed tabu, jak nal\u00e9zt zkratky a v\u016fbec jak vytv\u00e1\u0159et lep\u0161\u00ed prost\u0159ed\u00ed kolem sebe\u2026 Po t\u00e9to cest\u011b se sna\u017e\u00ed kr\u00e1\u010det i d\u00e1le. Pom\u00e1haj\u00ed mu k tomu inova\u010dn\u00ed techniky a metodiky, kter\u00e9 si osvojil, s\u00ed\u0165 lid\u00ed, kte\u0159\u00ed uzn\u00e1vaj\u00ed a \u017eij\u00ed podobn\u00e9 hodnoty, hou\u017eevnatost, smysl pro humor a tak\u00e9 v neposledn\u00ed \u0159ad\u011b \u0161t\u011bst\u00ed a jeho rodina.<\/p>\n<p>&nbsp;<\/p>\n<h4><strong>V\u00e1clav Stan\u011bk (Vasky.cz)<img decoding=\"async\" loading=\"lazy\" class=\"size-full wp-image-762 alignright\" src=\"https:\/\/batuvodkazevrope.cz\/wp-content\/uploads\/2019\/07\/masek-1.png\" alt=\"\" width=\"150\" height=\"151\" \/><\/strong><\/h4>\n<p>&nbsp;<\/p>\n<p>V\u00e1clav Stan\u011bk je majitelem, \u010di spolumajitelem p\u011bti firem, v sou\u010dasnosti je rovn\u011b\u017e vysoko\u0161kolsk\u00fdm studentem. Prvn\u00ed firmu zakl\u00e1dal ji\u017e ve sv\u00fdch 18 letech. Firma Vasky.cz v ba\u0165ovsk\u00e9m Zl\u00edn\u011b vyr\u00e1b\u00ed kvalitn\u00ed ko\u017een\u00e9 boty ji\u017e 3 roky, prodejny m\u00e1 ve Zl\u00edn\u011b i v Praze. V roce 2018 dok\u00e1zala prodat v\u00edce ne\u017e nad 5000 p\u00e1r\u016f bot s tr\u017ebami 12,5 mil. K\u010d, v roce 2019 je v pl\u00e1nu v\u00fdrobu a prodej ztrojn\u00e1sobit. V\u00e1clav Stan\u011bk rovn\u011b\u017e podnik\u00e1 ve firm\u00e1ch Wuders (n\u00e1bytk\u00e1\u0159sk\u00e1 firma), Bagind (kvalitn\u00ed ko\u017een\u00e9 batohy), Inhubo (marketingov\u00e1 agentura), \u010di Paon (d\u00e1msk\u00e9 spodn\u00ed pr\u00e1dlo). Ve sv\u00fdch 21 letech se um\u00edstil v \u017eeb\u0159\u00ed\u010dku Forbes 30 pod 30.<\/p>\n<p>&nbsp;<\/p>\n<h4><strong>Jozef \u0160i\u0161ka (Jo\u017eko Farm\u00e1rik)<img decoding=\"async\" loading=\"lazy\" class=\"size-full wp-image-762 alignright\" src=\"https:\/\/batuvodkazevrope.cz\/wp-content\/uploads\/2019\/04\/jozef_siska.png\" alt=\"\" width=\"150\" height=\"151\" \/><\/strong><\/h4>\n<p>&nbsp;<\/p>\n<p>Jozef \u0160i\u0161ka m\u00e1 34 let a poch\u00e1z\u00ed z Pie\u0161\u0165an. Je zakladatelem nejv\u011bt\u0161\u00ed prodejn\u00ed s\u00edt\u011b obchod\u016f se s\u00fdrov\u00fdmi a masov\u011b-uzen\u00fdmi v\u00fdrobky na Slovensku. Je p\u0159edstavitelem ambici\u00f3zn\u00edho podnik\u00e1n\u00ed, kter\u00e9 p\u0159edstavuje n\u00e1vrat k tradi\u010dn\u00edm produkt\u016fm. Mnoho let pracoval v\u00a0zahrani\u010d\u00ed, ale nakonec se rozhodl vr\u00e1tit se do sv\u00e9 rodn\u00e9 zem\u011b a zalo\u017eit firmu Jo\u017eko Farm\u00e1rik, kter\u00e1 podporuje mal\u00e9 a st\u0159edn\u00ed v\u00fdrobce slovensk\u00fdch tradi\u010dn\u00edch v\u00fdrobk\u016f.<\/p>\n<p>&nbsp;<\/p>\n<p>&nbsp;<\/p>\n<h4><strong>Robert Zatloukal (KHK, Promens, a.s.)<\/strong><br \/>\n<img decoding=\"async\" loading=\"lazy\" class=\"size-full wp-image-761 alignright\" src=\"https:\/\/batuvodkazevrope.cz\/wp-content\/uploads\/2019\/04\/robert_zatloukal.png\" alt=\"\" width=\"150\" height=\"151\" \/><\/h4>\n<p>P\u016fsob\u00ed jako \u0159editel spole\u010dnosti RPC Promens Zl\u00edn, kter\u00e1 je v\u00fdvojov\u00fdm a syst\u00e9mov\u00fdm dodavatelem plastov\u00fdch d\u00edl\u016f pro z\u00e1kazn\u00edky jako Iveco, Volvo, \u0160koda VW, Rostselmash, Zetor a jin\u00e9. Za\u010d\u00ednal zde jako spoluvlastn\u00edk, jednatel a p\u0159edseda p\u0159edstavenstva, po prodeji podniku v roce 2005 pokra\u010duje ve funkci \u0159editele spole\u010dnosti. Je prvn\u00edm lektorem v \u010cR a SR, kter\u00fd \u0161kol\u00ed sv\u00e9 pracovn\u00edky v oblasti 7 n\u00e1vyk\u016f efektivn\u00edch lid\u00ed\u00a0 (Franklin Covey). Od roku 2017 je p\u0159edsedou Krajsk\u00e9 hospod\u00e1\u0159sk\u00e9 komory Zl\u00ednsk\u00e9ho kraje, kter\u00e1 m\u00e1 oblast vzd\u011bl\u00e1v\u00e1n\u00ed a zam\u011bstnanosti jako prioritu.<\/p>\n","protected":false},"excerpt":{"rendered":"<p>Podnik\u00e1n\u00ed bylo \u017eivotem a posl\u00e1n\u00edm Tom\u00e1\u0161e Bati. Stejn\u011b tak i v dne\u0161n\u00ed dob\u011b je podnik\u00e1n\u00ed st\u00e1le atraktivn\u00ed a chceme, aby tak z\u016fstalo i nad\u00e1le. Chceme, aby podnikatel mohl hrd\u011b hl\u00e1sat, \u017ee je podnikatelem, a \u017ee d\u00e1v\u00e1 pr\u00e1ci des\u00edtk\u00e1m, stovk\u00e1m, \u010di tis\u00edc\u016fm lid\u00ed. Samoz\u0159ejm\u011b, \u017ee modern\u00ed doba si vy\u017eaduje nov\u00e9 my\u0161len\u00ed a nov\u00e9 podnikatelsk\u00e9 p\u0159\u00edstupy. Ale <a href=\"https:\/\/batuvodkazevrope.cz\/index.php\/domu\/2-sekce-podnikatelske-vyzvy-lide-a-digitalni-svet\/\" rel=\"nofollow\"><span class=\"sr-only\">P\u0159e\u010d\u00edst si v\u00edc o2. sekce: Podnikatelsk\u00e9 v\u00fdzvy, lid\u00e9 a digit\u00e1ln\u00ed sv\u011bt<\/span>[&hellip;]<\/a><\/p>\n","protected":false},"author":1,"featured_media":0,"parent":14,"menu_order":0,"comment_status":"closed","ping_status":"closed","template":"template-fullwidth.php","meta":{"_exactmetrics_skip_tracking":false,"_exactmetrics_sitenote_active":false,"_exactmetrics_sitenote_note":"","_exactmetrics_sitenote_category":0,"ngg_post_thumbnail":0,"footnotes":""},"_links":{"self":[{"href":"https:\/\/batuvodkazevrope.cz\/index.php\/wp-json\/wp\/v2\/pages\/371"}],"collection":[{"href":"https:\/\/batuvodkazevrope.cz\/index.php\/wp-json\/wp\/v2\/pages"}],"about":[{"href":"https:\/\/batuvodkazevrope.cz\/index.php\/wp-json\/wp\/v2\/types\/page"}],"author":[{"embeddable":true,"href":"https:\/\/batuvodkazevrope.cz\/index.php\/wp-json\/wp\/v2\/users\/1"}],"replies":[{"embeddable":true,"href":"https:\/\/batuvodkazevrope.cz\/index.php\/wp-json\/wp\/v2\/comments?post=371"}],"version-history":[{"count":54,"href":"https:\/\/batuvodkazevrope.cz\/index.php\/wp-json\/wp\/v2\/pages\/371\/revisions"}],"predecessor-version":[{"id":1016,"href":"https:\/\/batuvodkazevrope.cz\/index.php\/wp-json\/wp\/v2\/pages\/371\/revisions\/1016"}],"up":[{"embeddable":true,"href":"https:\/\/batuvodkazevrope.cz\/index.php\/wp-json\/wp\/v2\/pages\/14"}],"wp:attachment":[{"href":"https:\/\/batuvodkazevrope.cz\/index.php\/wp-json\/wp\/v2\/media?parent=371"}],"curies":[{"name":"wp","href":"https:\/\/api.w.org\/{rel}","templated":true}]}}