{"id":349,"date":"2019-03-15T09:48:02","date_gmt":"2019-03-15T08:48:02","guid":{"rendered":"http:\/\/batuvodkazevrope.cz\/?page_id=349"},"modified":"2019-09-16T09:48:16","modified_gmt":"2019-09-16T07:48:16","slug":"1-sekce","status":"publish","type":"page","link":"https:\/\/batuvodkazevrope.cz\/index.php\/domu\/1-sekce\/","title":{"rendered":"1. sekce: \u201eMoudr\u00fd se u\u010d\u00ed od ka\u017ed\u00e9ho\u201c Tom\u00e1\u0161 Ba\u0165a"},"content":{"rendered":"<p><strong><em>Vzhledem k aplikaci nov\u00fdch technologi\u00ed, robotiky a um\u011bl\u00e9 inteligence se p\u0159edpokl\u00e1d\u00e1, \u017ee do 20 let zanikne t\u00e9m\u011b\u0159 polovina sou\u010dasn\u00fdch pozic. To vyvol\u00e1v\u00e1 ot\u00e1zky, jak\u00e9 znalosti, dovednosti a kompetence u sv\u00fdch zam\u011bstnanc\u016f budou firmy pot\u0159ebovat, a jak m\u011bnit p\u0159\u00edstupy ke vzd\u011bl\u00e1v\u00e1n\u00ed, aby tyto pot\u0159eby byly napln\u011bny. Nav\u00edc st\u00e1vaj\u00edc\u00ed podnikatelsk\u00e9 prost\u0159ed\u00ed je velmi dynamick\u00e9 a velmi je cen\u011bna flexibilita a inovativnost. Aby t\u011bchto charakteristik firmy dos\u00e1hly, pot\u0159ebuj\u00ed mimo jin\u00e9 naplno vyu\u017e\u00edt lidsk\u00fd potenci\u00e1l. A to se neobejde bez vytv\u00e1\u0159en\u00ed prost\u0159ed\u00ed podporuj\u00edc\u00edho sd\u00edlen\u00ed znalost\u00ed mezi zam\u011bstnanci. Poj\u010fme spole\u010dn\u011b diskutovat o ot\u00e1zk\u00e1ch budouc\u00edch pot\u0159eb zam\u011bstnavatel\u016f, o cest\u00e1ch, jak se na n\u011b p\u0159ipravit, i o tom, jak v organizac\u00edch podpo\u0159it sd\u00edlen\u00ed znalost\u00ed.<\/em><\/strong><\/p>\n<h2>Panelov\u00e1 diskuse<\/h2>\n<h2><span style=\"color: #ff0000;\">A) Vzd\u011bl\u00e1v\u00e1n\u00ed pro budoucnost\u00a0 13-15 hodin<\/span><\/h2>\n<h4><strong>Moderuje: <\/strong><strong>Adriana Kn\u00e1pkov\u00e1 a Pavla Sta\u0148kov\u00e1<\/strong><\/h4>\n<h4><strong>\u00davodn\u00ed prezentace:<\/strong> <strong>Peter Kri\u0161tofovi\u010d (Salve Group, a.s.)<\/strong><\/h4>\n<p><img decoding=\"async\" loading=\"lazy\" class=\"size-full wp-image-784 alignright\" src=\"https:\/\/batuvodkazevrope.cz\/wp-content\/uploads\/2019\/04\/peter_kristofovic.png\" alt=\"\" width=\"150\" height=\"150\" \/><\/p>\n<p>Pat\u0159\u00ed ke \u0161pi\u010dkov\u00fdm kou\u010d\u016fm, motiv\u00e1tor\u016fm a k velk\u00fdm obdivovatel\u016fm my\u0161lenek Tom\u00e1\u0161e Bati. Je autorem n\u011bkolika publikac\u00ed, na slovensk\u00fdch st\u0159edn\u00edch \u0161kol\u00e1ch sponzoroval rozs\u00e1hl\u00fd vzd\u011bl\u00e1vac\u00ed cyklus \u201ePoznej sv\u00e9 pen\u00edze\u201c a loni otev\u0159el d\u00edv\u010d\u00ed intern\u00e1t v Keni. Z\u00edskal \u0159adu ocen\u011bn\u00ed doma i v zahrani\u010d\u00ed. V roce 2015 napsal knihu \u201eBu\u010f chce\u0161, alebo nechce\u0161. Ostatn\u00e9 s\u00fa kecy\u201c. Snem Petera Kri\u0161tofovi\u010de\u00a0 je vybudovat alternativn\u00ed formu vzd\u011bl\u00e1v\u00e1n\u00ed prost\u0159ednictv\u00edm podnikatelsk\u00e9 univerzity, kterou chce provozovat formou fran\u0161\u00edzy.<\/p>\n<h4><\/h4>\n<p>&nbsp;<\/p>\n<h4><strong>\u0158e\u010dn\u00edci:<\/strong><\/h4>\n<h4><strong>Jana Ger\u0161lov\u00e1 (Univerzita Palack\u00e9ho v Olomouci)<\/strong><\/h4>\n<p><img decoding=\"async\" loading=\"lazy\" class=\"size-full wp-image-785 alignright\" src=\"https:\/\/batuvodkazevrope.cz\/wp-content\/uploads\/2019\/04\/jana_gerslova.png\" alt=\"\" width=\"151\" height=\"151\" srcset=\"https:\/\/batuvodkazevrope.cz\/wp-content\/uploads\/2019\/04\/jana_gerslova.png 151w, https:\/\/batuvodkazevrope.cz\/wp-content\/uploads\/2019\/04\/jana_gerslova-150x150.png 150w\" sizes=\"(max-width: 151px) 100vw, 151px\" \/><\/p>\n<p>Vystudovala historii a germanistiku na Univerzit\u011b Palack\u00e9ho v Olomouci, v\u011bnovala se hospod\u00e1\u0159sk\u00fdm d\u011bjin\u00e1m ve Slezsk\u00e9m \u00fastavu Akademie v\u011bd. Habilitovala se v oboru n\u00e1rodohospod\u00e1\u0159stv\u00ed, je profesorkou ekonomie. Odborn\u011b se v\u011bnuje hospod\u00e1\u0159sk\u00fdm d\u011bjin\u00e1m 19. a 20. stolet\u00ed, zejm\u00e9na v\u00fdvoji podnik\u00e1n\u00ed, profil\u016fm firem i podnikatel\u016f, podnikatelsk\u00e9 etice, ot\u00e1zk\u00e1m \u017een v podnik\u00e1n\u00ed, ale tak\u00e9 transformaci hospod\u00e1\u0159stv\u00ed ve 20. stolet\u00ed. P\u0159edn\u00e1\u0161\u00ed na univerzit\u00e1ch v Dr\u00e1\u017e\u010fanech, V\u00eddni, Kol\u00edn\u011b nad R\u00fdnem, Bonnu, je \u010dlenkou \u0159ady v\u011bdeck\u00fdch rad vysok\u00fdch \u0161kol. P\u0159edn\u00e1\u0161\u00ed na Kated\u0159e aplikovan\u00e9 ekonomie Filozofick\u00e9 fakulty Univerzity Palack\u00e9ho v Olomouci.<\/p>\n<p>&nbsp;<\/p>\n<p>&nbsp;<\/p>\n<h4><strong>Hana Lavi\u010dkov\u00e1 (N\u00e1rodn\u00ed \u00fastav pro vzd\u011bl\u00e1v\u00e1n\u00ed)<img decoding=\"async\" loading=\"lazy\" class=\"size-full wp-image-783 alignright\" src=\"https:\/\/batuvodkazevrope.cz\/wp-content\/uploads\/2019\/04\/hana_lavickova.png\" alt=\"\" width=\"150\" height=\"150\" \/><\/strong><\/h4>\n<p style=\"font-weight: 400;\">Vystudovala Pedagogickou fakultu Masarykovy univerzity v Brn\u011b v oboru U\u010ditelstv\u00ed pro prvn\u00ed stupe\u0148 Z\u0160 a n\u00e1sledn\u011b \u00fasp\u011b\u0161n\u011b dokon\u010dila doktorsk\u00e9 studium v oboru Pedagogika (dizerta\u010dn\u00ed pr\u00e1ce v oblasti \u010dten\u00e1\u0159sk\u00e9 gramotnosti). Od roku 2010 pracovala sou\u010dasn\u011b ve \u0161koln\u00ed praxi i na akademick\u00e9 p\u016fd\u011b \u2013 jako u\u010ditelka 1. a 2. t\u0159\u00eddy Z\u0160 a odborn\u00e1 asistentka Katedry \u010desk\u00e9ho jazyka a literatury PdFMU. V\u011bnuje se lektorsk\u00e9 \u010dinnosti v oblasti rozvoje \u010dten\u00e1\u0159sk\u00e9 gramotnosti, od roku 2018 vede Pedagogick\u00fd kabinet \u010desk\u00e9ho jazyka pro u\u010ditele Zl\u00ednsk\u00e9ho kraje a p\u016fsob\u00ed jako \u010dlenka expertn\u00edho t\u00fdmu N\u00daV v Praze v oblasti p\u0159\u00edpravy revize kurikula \u0161koln\u00ed liter\u00e1rn\u00ed v\u00fdchovy.<\/p>\n<p>&nbsp;<\/p>\n<h4><strong>Rad\u00faz M\u00e1cha (Sdru\u017een\u00ed pro rozvoj Moravskoslezsk\u00e9ho kraje z.s.)<img decoding=\"async\" loading=\"lazy\" class=\"size-full wp-image-782 alignright\" src=\"https:\/\/batuvodkazevrope.cz\/wp-content\/uploads\/2019\/07\/macha-1.png\" alt=\"\" width=\"150\" height=\"150\" \/><\/strong><\/h4>\n<p>Absolvent Ekonomick\u00e9 fakulty V\u0160B-TUO a VUT Brno. V minulosti pracoval jako \u0159editel z\u00e1vodu v\u00fdroby barevn\u00fdch TV obrazovek v TESLA Ro\u017enov, pozd\u011bji v oblasti zahrani\u010dn\u00edho obchodu na trhu B\u011blorusk\u00e9 republiky, jako OSV\u010c v oblasti \u010dinnosti organiza\u010dn\u00edch a ekonomick\u00fdch poradc\u016f. Deset let byl \u0159editelem dvou v\u00fdrobn\u011b-obchodn\u00edch spole\u010dnost\u00ed. V sou\u010dasn\u00e9 dob\u011b je \u0159editelem a statut\u00e1rn\u00edm org\u00e1nem Sdru\u017een\u00ed pro rozvoj Moravskoslezsk\u00e9ho kraje z.s.<\/p>\n<p>&nbsp;<\/p>\n<p>&nbsp;<\/p>\n<h4><strong>Martin Mu\u0161insk\u00fd (Continental Barum s.r.o.)<img decoding=\"async\" loading=\"lazy\" class=\"size-full wp-image-782 alignright\" src=\"https:\/\/batuvodkazevrope.cz\/wp-content\/uploads\/2019\/04\/martin_musinsky.png\" alt=\"\" width=\"150\" height=\"150\" \/><\/strong><\/h4>\n<p>Od roku 2006 p\u016fsob\u00ed ve spole\u010dnosti Continental Barum, s.r.o. v r\u00e1mci HR divize v nejr\u016fzn\u011bj\u0161\u00edch oblastech. P\u0159edev\u0161\u00edm na odboru rozvoje a vzd\u011bl\u00e1v\u00e1n\u00ed, kde byl garantem rozvojov\u00fdch vzd\u011bl\u00e1vac\u00edch\u00a0program\u016f pro veden\u00ed lid\u00ed,\u00a0 zaji\u0161\u0165oval spolupr\u00e1ci a komunikaci s vysok\u00fdmi \u0161kolami a vytv\u00e1\u0159el pracovn\u00ed skupiny. Dlouhodob\u011b pracoval jako Employer Branding &amp; Recruiter manager, kde m\u011bl na starosti tvorbu atraktivn\u00ed zna\u010dky zam\u011bstnavatele a podporu n\u00e1boru zam\u011bstnanc\u016f. V sou\u010dasn\u00e9 dob\u011b p\u016fsob\u00ed na pozici Talent Management &amp; Organizational Development Country Coordinator Czech Republic a pom\u00e1h\u00e1 zaji\u0161\u0165ovat dal\u0161\u00ed rozvoj cel\u00e9 spole\u010dnosti Continental v oblasti vzd\u011bl\u00e1v\u00e1n\u00ed a pr\u00e1ce s lidmi.<\/p>\n<p>&nbsp;<\/p>\n<h4 style=\"text-align: left;\"><strong>Iveta T\u00e1borsk\u00e1 (Krajsk\u00e1 hospod\u00e1\u0159sk\u00e1 komora Zl\u00ednsk\u00e9ho kraje)<img decoding=\"async\" loading=\"lazy\" class=\"size-full wp-image-781 alignright\" src=\"https:\/\/batuvodkazevrope.cz\/wp-content\/uploads\/2019\/04\/iveta_taborska.png\" alt=\"\" width=\"150\" height=\"150\" \/><\/strong><\/h4>\n<p style=\"text-align: left;\">Vystudovala obor Pr\u00e1vn\u00ed \u00faprava ve\u0159ejn\u00e9 spr\u00e1vy, p\u016fsobila dlouhodob\u011b jako asistentka poslance a ve veden\u00ed m\u011bsta Vset\u00edna jako m\u00edstostarostka a starostka. V sou\u010dasnosti p\u016fsob\u00ed na pozici \u0159editelky Krajsk\u00e9 hospod\u00e1\u0159sk\u00e9 komory Zl\u00ednsk\u00e9ho kraje. V r\u00e1mci p\u016fsoben\u00ed v KHK se zab\u00fdv\u00e1 t\u00e9matem vzd\u011bl\u00e1v\u00e1n\u00ed a zam\u011bstnanosti pro budouc\u00ed pot\u0159ebu Zl\u00ednsk\u00e9ho kraje, sb\u011brem a vyhodnocov\u00e1n\u00edm dat region\u00e1ln\u00edho trhu pr\u00e1ce. V r\u00e1mci p\u016fsoben\u00ed na KHK pom\u00e1h\u00e1 vytv\u00e1\u0159et platformu pro setk\u00e1v\u00e1n\u00ed \u017eivnostn\u00edk\u016f, podnikatel\u016f a firem a spojnici mezi \u0161kolami a firmami.\u00a0Koordinuje akce v r\u00e1mci Paktu zam\u011bstnanosti s c\u00edlem souladu nab\u00eddky a popt\u00e1vky na region\u00e1ln\u00edm trhu pr\u00e1ce.<\/p>\n<p>&nbsp;<\/p>\n<p>&nbsp;<\/p>\n<h4><strong>Adriana Wiegerov\u00e1 (Univerzita Tom\u00e1\u0161e Bati ve Zl\u00edn\u011b)<img decoding=\"async\" loading=\"lazy\" class=\"size-full wp-image-779 alignright\" src=\"https:\/\/batuvodkazevrope.cz\/wp-content\/uploads\/2019\/04\/adriana_wiegerova.png\" alt=\"\" width=\"151\" height=\"150\" srcset=\"https:\/\/batuvodkazevrope.cz\/wp-content\/uploads\/2019\/04\/adriana_wiegerova.png 151w, https:\/\/batuvodkazevrope.cz\/wp-content\/uploads\/2019\/04\/adriana_wiegerova-150x150.png 150w\" sizes=\"(max-width: 151px) 100vw, 151px\" \/><\/strong><\/h4>\n<p>Vystudovala obor pedagogika \u2013 biologie na Univerzit\u011b Konstantina Filozofa v Nit\u0159e. V sou\u010dasn\u00e9 dob\u011b pracuje na Fakult\u011b humanitn\u00edch studi\u00ed Univerzity Tom\u00e1\u0161e Bati ve\u00a0 Zl\u00edn\u011b. Profesn\u011b se zab\u00fdv\u00e1 prioritn\u011b didaktikou p\u0159\u00edrodov\u011bdn\u00e9ho vzd\u011bl\u00e1v\u00e1n\u00ed a pedeutologi\u00ed. V sou\u010dasn\u00e9 dob\u011b se zam\u011b\u0159uje na t\u00e9ma kari\u00e9rn\u00edho sm\u011b\u0159ov\u00e1n\u00ed mlad\u00fdch akademick\u00fdch pracovn\u00edk\u016f. Od roku 2016 je \u010dlenkou V\u011bdeck\u00e9 rady edice Pedagogika na FHS UTB, \u010dlenkou \u010cesk\u00e9 asociace pedagogick\u00e9ho v\u00fdzkumu, \u010cesk\u00e9 pedagogick\u00e9 spole\u010dnosti, Asociace p\u0159ed\u0161koln\u00ed v\u00fdchovy a European Association for Research on Learning and Instruction.<\/p>\n<h2>Panelov\u00e1 diskuse<\/h2>\n<h2><span style=\"color: #ff0000;\">B) Jak a pro\u010d sd\u00edlet znalosti 15,30-17,30 hodin<\/span><\/h2>\n<h4><strong>Moderuje: Jana Mato\u0161kov\u00e1 a Lucie Tomancov\u00e1<\/strong><\/h4>\n<h4><strong>\u00davodn\u00ed prezentace: Franti\u0161ek Hron\u00edk\u00a0\u00a0(agentura Motiv P s.r.o.)<img decoding=\"async\" loading=\"lazy\" class=\"size-full wp-image-774 alignright\" src=\"https:\/\/batuvodkazevrope.cz\/wp-content\/uploads\/2019\/04\/frantisek_hronik.png\" alt=\"\" width=\"150\" height=\"150\" \/><\/strong><\/h4>\n<p>P\u016fvodn\u00edm vzd\u011bl\u00e1n\u00edm je klinick\u00fd psycholog. Od roku 1996, kdy zalo\u017eil poradenskou a vzd\u011bl\u00e1vac\u00ed spole\u010dnost Motiv P p\u016fsob\u00ed ve firemn\u00ed praxi. Motiv P pat\u0159\u00ed ve sv\u00e9m oboru k p\u0159edn\u00edm spole\u010dnostem p\u016fsob\u00edc\u00ed na \u010desk\u00e9m a slovensk\u00e9m trhu. Ud\u00e1v\u00e1 trend a p\u0159in\u00e1\u0161\u00ed inovace. Franti\u0161ek Hron\u00edk je autorem deseti odborn\u00fdch knih (CPress, Grada, Era, MotivPress), kter\u00e9 se vztahuj\u00ed k managementu a HR. Pracuje jako lektor, kou\u010d, mentor pro \u0159adu p\u0159edn\u00edch spole\u010dnost\u00ed v \u010cR a na Slovensku. P\u0159edn\u00e1\u0161\u00ed na studiu MBA a vysok\u00fdch \u0161kol\u00e1ch (FSS MU Brno a FF UK Praha).<\/p>\n<p>&nbsp;<\/p>\n<h4><strong>\u0158e\u010dn\u00edci:<\/strong><\/h4>\n<h4><strong>Zden\u011bk B\u00edlek (\u010cesk\u00e1 mana\u017eersk\u00e1 asociace)<\/strong><\/h4>\n<p><img decoding=\"async\" loading=\"lazy\" class=\"size-full wp-image-778 alignright\" src=\"https:\/\/batuvodkazevrope.cz\/wp-content\/uploads\/2019\/04\/zdenek_bilek.png\" alt=\"\" width=\"151\" height=\"150\" srcset=\"https:\/\/batuvodkazevrope.cz\/wp-content\/uploads\/2019\/04\/zdenek_bilek.png 151w, https:\/\/batuvodkazevrope.cz\/wp-content\/uploads\/2019\/04\/zdenek_bilek-150x150.png 150w\" sizes=\"(max-width: 151px) 100vw, 151px\" \/><\/p>\n<p>Ambasador a p\u0159edseda region\u00e1ln\u00edho klubu Morava \u010cesk\u00e9 mana\u017eersk\u00e9 asociace. V sou\u010dasn\u00e9 dob\u011b je sou\u010d\u00e1st\u00ed t\u00fdmu \u0161v\u00fdcarsk\u00e9 skupiny Infoteam Sales Process Consulting<\/p>\n<p>AG, kter\u00e1 je zam\u011b\u0159ena na zvy\u0161ov\u00e1n\u00ed prodejn\u00ed v\u00fdkonnosti a leadership. Zden\u011bk B\u00edlek je tv\u016frcem n\u011bkolika \u00fasp\u011b\u0161n\u00fdch t\u00fdm\u016f. Po zku\u0161enostech v 80t\u00fdch letech s veden\u00edm r\u016fzn\u00fdch projekt\u016f ve stavebn\u00edm provozu vyu\u017eil p\u0159\u00edle\u017eitosti a vybudoval t\u00fdm na vyu\u017e\u00edv\u00e1n\u00ed nov\u00fdch technologi\u00ed. \u0158\u00edk\u00e1: \u201eNa schopnosti si vz\u00e1jemn\u011b naslouchat a p\u0159ed\u00e1vat si zku\u0161enosti a znalosti se d\u00e1 postavit v\u00fdkonn\u00fd a sebev\u011bdom\u00fd t\u00fdm. Ten je pak p\u0159ipraven se pustit do vyhled\u00e1v\u00e1n\u00ed a vyu\u017e\u00edv\u00e1n\u00ed p\u0159\u00edle\u017eitost\u00ed, o kter\u00fdch mo\u017en\u00e1 zat\u00edm ani nev\u00ed, ale kter\u00e9 se na n\u00e1s val\u00ed proudem s prob\u00edhaj\u00edc\u00ed zm\u011bnou prost\u0159ed\u00ed kolem n\u00e1s. Podporuji takov\u00fd styl my\u0161len\u00ed a spolupr\u00e1ci.\u201c Je dr\u017eitelem ocen\u011bn\u00ed v sout\u011b\u017ei Mana\u017eer roku 2014 a 2015.<\/p>\n<p>&nbsp;<\/p>\n<h4><strong>Ji\u0159\u00ed Gistr<\/strong>\u00a0<strong>(Avex Steel Products s.r.o.)<img decoding=\"async\" loading=\"lazy\" class=\"size-full wp-image-777 alignright\" src=\"https:\/\/batuvodkazevrope.cz\/wp-content\/uploads\/2019\/04\/jiri_gistr.png\" alt=\"\" width=\"151\" height=\"150\" srcset=\"https:\/\/batuvodkazevrope.cz\/wp-content\/uploads\/2019\/04\/jiri_gistr.png 151w, https:\/\/batuvodkazevrope.cz\/wp-content\/uploads\/2019\/04\/jiri_gistr-150x150.png 150w\" sizes=\"(max-width: 151px) 100vw, 151px\" \/><\/strong><strong><br \/>\n<\/strong><\/h4>\n<p>Majitel a jednatel ryze \u010desk\u00e9 stroj\u00edrensk\u00e9 spole\u010dnosti Avex Steel Products, kter\u00e1 funguje ji\u017e od roku 1994. Firma se pod jeho veden\u00edm stala sv\u011btov\u00fdm pojmem ve v\u00fdvoji a v\u00fdrob\u011b individu\u00e1ln\u00edch ocelov\u00fdch skladov\u00fdch a p\u0159epravn\u00edch syst\u00e9m\u016f. Sou\u010dasn\u011b byla ov\u011bn\u010dena mnoha cenami za inovace, kvalitu \u010di spole\u010denskou odpov\u011bdnost. Ve firm\u011b se ct\u00ed pravidlo \u010dty\u0159, \u201einovace, efektivita, kvalita a cena\u201c.\u00a0 Modernizace, automatizace, robotizace a inovace jsou na denn\u00edm po\u0159\u00e1dku, stejn\u011b jako v\u00fdroba \u0159\u00edzena digit\u00e1ln\u011b p\u0159es iPady.\u00a0 Hlavn\u00edm kr\u00e9dem majitele je: \u201eNeust\u00e1l\u00e9 zlep\u0161ov\u00e1n\u00ed je na\u0161\u00ed cestou.\u201c<\/p>\n<p>&nbsp;<\/p>\n<h4><strong>Pavel Gruber (L\u00e9ka\u0159i bez hranic, o. p. s.)<\/strong><br \/>\n<img decoding=\"async\" loading=\"lazy\" class=\"size-full wp-image-776 alignright\" src=\"https:\/\/batuvodkazevrope.cz\/wp-content\/uploads\/2019\/04\/pavel_gruber.png\" alt=\"\" width=\"151\" height=\"150\" srcset=\"https:\/\/batuvodkazevrope.cz\/wp-content\/uploads\/2019\/04\/pavel_gruber.png 151w, https:\/\/batuvodkazevrope.cz\/wp-content\/uploads\/2019\/04\/pavel_gruber-150x150.png 150w\" sizes=\"(max-width: 151px) 100vw, 151px\" \/><\/h4>\n<p>Motto: \u201eL\u00e9ka\u0159 va\u0161eho nep\u0159\u00edtele nen\u00ed va\u0161\u00edm nep\u0159\u00edtelem.\u201c Vystudoval Fakultu soci\u00e1ln\u00edch v\u011bd Karlovy univerzity se specializac\u00ed na mezin\u00e1rodn\u00ed vztahy. V devades\u00e1t\u00fdch letech pracoval kr\u00e1tce s \u010clov\u011bkem v t\u00edsni v Bosn\u011b. Po skon\u010den\u00ed v\u00e1lky ode\u0161el do komer\u010dn\u00edho sektoru. K humanit\u00e1rn\u00ed pomoci se vr\u00e1til v roce 2006, kdy pracoval jako vedouc\u00ed odd\u011blen\u00ed humanit\u00e1rn\u00ed a rozvojov\u00e9 pomoci v organizaci Charita \u010cR. V minulosti p\u016fsobil rovn\u011b\u017e jako p\u0159edseda spr\u00e1vn\u00ed rady \u010cesk\u00e9ho f\u00f3ra pro rozvojovou spolupr\u00e1ci. V L\u00e9ka\u0159\u00edch bez hranic je zam\u011bstn\u00e1n od roku 2011, p\u016fsob\u00ed na pozici \u0159editele. Z\u00fa\u010dastnil se nap\u0159\u00edklad mis\u00ed v Indon\u00e9sii nebo na Haiti, s L\u00e9ka\u0159i bez hranic vyjel na Ukrajinu.<\/p>\n<p>&nbsp;<\/p>\n<p>&nbsp;<\/p>\n<h4><strong>Ji\u0159\u00ed Halousek (IReSoft, s.r.o.)<img decoding=\"async\" loading=\"lazy\" class=\"size-full wp-image-775 alignright\" src=\"https:\/\/batuvodkazevrope.cz\/wp-content\/uploads\/2019\/04\/jiri_halousek.png\" alt=\"\" width=\"150\" height=\"150\" \/><\/strong><\/h4>\n<p>\u010clov\u011bk pln\u00fd energie, kter\u00fd se bav\u00ed t\u00edm, \u017ee spole\u010dn\u011b se sv\u00fdm t\u00fdmem vytv\u00e1\u0159\u00ed z IReSoftu firmu, pro kterou stoj\u00ed za to pracovat. \u0158\u00edk\u00e1, \u017ee pr\u00e1ci nelze odd\u011blovat od osobn\u00edho \u017eivota a proto rad\u011bji vytv\u00e1\u0159\u00ed takovou firmu, kter\u00e1 je sp\u00ed\u0161 \u017eivotn\u00edm stylem, ne\u017e klasick\u00fdm zam\u011bstn\u00e1n\u00edm. Chce, aby se jeho lid\u00e9 mohli spolupod\u00edlet na tom, kam firma bude d\u00e1l sm\u011b\u0159ovat a u\u017e d\u00e1vno se nepova\u017euje za nejchyt\u0159ej\u0161\u00edho ve firm\u011b.<\/p>\n<p>&nbsp;<\/p>\n<h4><strong>Barbora Pencov\u00e1 <\/strong><strong>(<\/strong><strong>GE Aviation Czech s.r.o.)<\/strong><\/h4>\n<h4><img decoding=\"async\" loading=\"lazy\" class=\"size-full wp-image-773 alignright\" src=\"https:\/\/batuvodkazevrope.cz\/wp-content\/uploads\/2019\/04\/barbora_pencova.png\" alt=\"\" width=\"150\" height=\"150\" \/><\/h4>\n<p>Za\u010dala svou kari\u00e9ru v GE Capital jako person\u00e1ln\u00ed specialistka, kde se mimo jin\u00e9 zam\u011b\u0159ovala na digitalizaci HR proces\u016f. N\u00e1sledn\u011b p\u016fsobila ve spole\u010dnosti T-Mobile jako HR Mana\u017eer, kde\u00a0podporovala divizi Technology v \u010cesk\u00e9 republice. Jej\u00ed dal\u0161\u00ed pracovn\u00ed zku\u0161enost\u00ed byla role vedouc\u00ed organiza\u010dn\u00edho rozvoje ve skupin\u011b \u010cEZ. V roce 2008 se znovu vr\u00e1tila do GE, kde\u00a0byla v n\u00e1vaznosti na akvizici spole\u010dnosti Walter zodpov\u011bdn\u00e1 za integraci spole\u010dnosti do struktur GE Aviation, v\u010detn\u011b budov\u00e1n\u00ed firemn\u00ed kultury v souladu s GE standardy. Aktu\u00e1ln\u011b p\u016fsob\u00ed jako \u0159editelka lidsk\u00fdch zdroj\u016f v GE Aviation Czech. Od roku 2010 se tak\u00e9 v\u011bnuje CSR iniciativ\u00e1m, p\u016fsob\u00ed jako sponzor Dobrovolnick\u00e9 organizace GE v \u010cR a z\u00e1rove\u0148 vede v r\u00e1mci st\u0159edn\u00ed a v\u00fdchodn\u00ed Evropy GE Women&#8217;s Network, kter\u00e1 se zam\u011b\u0159uje na podporu profesn\u00ed kari\u00e9ry \u017een.<\/p>\n<p>&nbsp;<\/p>\n<h4><strong>Jar<\/strong><strong>oslava Vacul\u010diakov\u00e1 (ANTEA Consulting, s.r.o.)<img decoding=\"async\" loading=\"lazy\" class=\"size-full wp-image-780 alignright\" src=\"https:\/\/batuvodkazevrope.cz\/wp-content\/uploads\/2019\/04\/jaroslava_vaculciakova.png\" alt=\"\" width=\"151\" height=\"150\" srcset=\"https:\/\/batuvodkazevrope.cz\/wp-content\/uploads\/2019\/04\/jaroslava_vaculciakova.png 151w, https:\/\/batuvodkazevrope.cz\/wp-content\/uploads\/2019\/04\/jaroslava_vaculciakova-150x150.png 150w\" sizes=\"(max-width: 151px) 100vw, 151px\" \/><\/strong><\/h4>\n<p>Je zku\u0161enou tren\u00e9rkou a konzultantkou v oblasti komunikace, soft skills, leadershipu a zvy\u0161ov\u00e1n\u00ed v\u00fdkonnosti a spokojenosti zam\u011bstnanc\u016f. Pracuje s jedine\u010dn\u00fdmi technikami NLP a zahrani\u010dn\u00edm know-how z oblasti efektivn\u00ed komunikace, emo\u010dn\u00ed inteligence, zvy\u0161ov\u00e1n\u00ed lidsk\u00e9ho potenci\u00e1lu a dosahov\u00e1n\u00ed c\u00edl\u016f. Je absolventkou certifikovan\u00e9ho tr\u00e9ninku the American Board of NLP v Lond\u00fdn\u011b a mezin\u00e1rodn\u00ed certifikovanou tren\u00e9rkou metodologie DISC. V obdob\u00ed sv\u00e9 patn\u00e1ctilet\u00e9 profesion\u00e1ln\u00ed kari\u00e9ry poskytuje tr\u00e9ninky a poradenstv\u00ed mnoha v\u00fdznamn\u00fdm firm\u00e1m, mana\u017eer\u016fm i politik\u016fm. P\u0159edn\u00e1\u0161\u00ed na odborn\u00fdch konferenc\u00edch a univerzit\u00e1ch, je odborn\u00fdm garantem \u00fasp\u011b\u0161n\u00e9 Trend konference \u201eOd Mana\u017eera k l\u00eddrovi\u201c.<\/p>\n","protected":false},"excerpt":{"rendered":"<p>Vzhledem k aplikaci nov\u00fdch technologi\u00ed, robotiky a um\u011bl\u00e9 inteligence se p\u0159edpokl\u00e1d\u00e1, \u017ee do 20 let zanikne t\u00e9m\u011b\u0159 polovina sou\u010dasn\u00fdch pozic. To vyvol\u00e1v\u00e1 ot\u00e1zky, jak\u00e9 znalosti, dovednosti a kompetence u sv\u00fdch zam\u011bstnanc\u016f budou firmy pot\u0159ebovat, a jak m\u011bnit p\u0159\u00edstupy ke vzd\u011bl\u00e1v\u00e1n\u00ed, aby tyto pot\u0159eby byly napln\u011bny. Nav\u00edc st\u00e1vaj\u00edc\u00ed podnikatelsk\u00e9 prost\u0159ed\u00ed je velmi dynamick\u00e9 a velmi je <a href=\"https:\/\/batuvodkazevrope.cz\/index.php\/domu\/1-sekce\/\" rel=\"nofollow\"><span class=\"sr-only\">P\u0159e\u010d\u00edst si v\u00edc o1. sekce: \u201eMoudr\u00fd se u\u010d\u00ed od ka\u017ed\u00e9ho\u201c Tom\u00e1\u0161 Ba\u0165a<\/span>[&hellip;]<\/a><\/p>\n","protected":false},"author":1,"featured_media":0,"parent":14,"menu_order":0,"comment_status":"closed","ping_status":"closed","template":"template-fullwidth.php","meta":{"_exactmetrics_skip_tracking":false,"_exactmetrics_sitenote_active":false,"_exactmetrics_sitenote_note":"","_exactmetrics_sitenote_category":0,"ngg_post_thumbnail":0,"footnotes":""},"_links":{"self":[{"href":"https:\/\/batuvodkazevrope.cz\/index.php\/wp-json\/wp\/v2\/pages\/349"}],"collection":[{"href":"https:\/\/batuvodkazevrope.cz\/index.php\/wp-json\/wp\/v2\/pages"}],"about":[{"href":"https:\/\/batuvodkazevrope.cz\/index.php\/wp-json\/wp\/v2\/types\/page"}],"author":[{"embeddable":true,"href":"https:\/\/batuvodkazevrope.cz\/index.php\/wp-json\/wp\/v2\/users\/1"}],"replies":[{"embeddable":true,"href":"https:\/\/batuvodkazevrope.cz\/index.php\/wp-json\/wp\/v2\/comments?post=349"}],"version-history":[{"count":75,"href":"https:\/\/batuvodkazevrope.cz\/index.php\/wp-json\/wp\/v2\/pages\/349\/revisions"}],"predecessor-version":[{"id":1038,"href":"https:\/\/batuvodkazevrope.cz\/index.php\/wp-json\/wp\/v2\/pages\/349\/revisions\/1038"}],"up":[{"embeddable":true,"href":"https:\/\/batuvodkazevrope.cz\/index.php\/wp-json\/wp\/v2\/pages\/14"}],"wp:attachment":[{"href":"https:\/\/batuvodkazevrope.cz\/index.php\/wp-json\/wp\/v2\/media?parent=349"}],"curies":[{"name":"wp","href":"https:\/\/api.w.org\/{rel}","templated":true}]}}