{"id":14,"date":"2019-02-20T09:32:59","date_gmt":"2019-02-20T08:32:59","guid":{"rendered":"http:\/\/batuvodkazevrope.cz\/?page_id=14"},"modified":"2019-02-20T09:32:59","modified_gmt":"2019-02-20T08:32:59","slug":"domu","status":"publish","type":"page","link":"https:\/\/batuvodkazevrope.cz\/","title":{"rendered":"Dom\u016f"},"content":{"rendered":"<p>V\u00edtejte na sv\u00e9m webu! Toto je va\u0161e domovsk\u00e1 str\u00e1nka, co\u017e je m\u00edsto, kter\u00e9 v\u011bt\u0161ina n\u00e1v\u0161t\u011bvn\u00edk\u016f uvid\u00ed, jakmile poprv\u00e9 p\u0159ijdou na v\u00e1\u0161 web.<\/p>\n","protected":false},"excerpt":{"rendered":"<p>V\u00edtejte na sv\u00e9m webu! Toto je va\u0161e domovsk\u00e1 str\u00e1nka, co\u017e je m\u00edsto, kter\u00e9 v\u011bt\u0161ina n\u00e1v\u0161t\u011bvn\u00edk\u016f uvid\u00ed, jakmile poprv\u00e9 p\u0159ijdou na v\u00e1\u0161 web.<\/p>\n","protected":false},"author":1,"featured_media":0,"parent":0,"menu_order":0,"comment_status":"closed","ping_status":"closed","template":"","meta":{"_exactmetrics_skip_tracking":false,"_exactmetrics_sitenote_active":false,"_exactmetrics_sitenote_note":"","_exactmetrics_sitenote_category":0,"ngg_post_thumbnail":0,"footnotes":""},"_links":{"self":[{"href":"https:\/\/batuvodkazevrope.cz\/index.php\/wp-json\/wp\/v2\/pages\/14"}],"collection":[{"href":"https:\/\/batuvodkazevrope.cz\/index.php\/wp-json\/wp\/v2\/pages"}],"about":[{"href":"https:\/\/batuvodkazevrope.cz\/index.php\/wp-json\/wp\/v2\/types\/page"}],"author":[{"embeddable":true,"href":"https:\/\/batuvodkazevrope.cz\/index.php\/wp-json\/wp\/v2\/users\/1"}],"replies":[{"embeddable":true,"href":"https:\/\/batuvodkazevrope.cz\/index.php\/wp-json\/wp\/v2\/comments?post=14"}],"version-history":[{"count":2,"href":"https:\/\/batuvodkazevrope.cz\/index.php\/wp-json\/wp\/v2\/pages\/14\/revisions"}],"predecessor-version":[{"id":737,"href":"https:\/\/batuvodkazevrope.cz\/index.php\/wp-json\/wp\/v2\/pages\/14\/revisions\/737"}],"wp:attachment":[{"href":"https:\/\/batuvodkazevrope.cz\/index.php\/wp-json\/wp\/v2\/media?parent=14"}],"curies":[{"name":"wp","href":"https:\/\/api.w.org\/{rel}","templated":true}]}}